{"id":3597,"date":"2022-05-17T15:15:29","date_gmt":"2022-05-17T13:15:29","guid":{"rendered":"https:\/\/www.vis-a-vis.org\/?page_id=3597"},"modified":"2022-11-28T19:03:17","modified_gmt":"2022-11-28T18:03:17","slug":"about-us","status":"publish","type":"page","link":"https:\/\/www.vis-a-vis.org\/de\/about-us\/","title":{"rendered":"About Us"},"content":{"rendered":"<h2>\u00dcber Uns<\/h2>\n<p>\t\tVis-\u00e0-Vis wurde in der Forschungsabteilung des Office M\u00e9dico-P\u00e9dagogique der Universit\u00e4t Genf entwickelt und von gemeinn\u00fctzigen Stiftungen mit Sitz in Genf entwickelt.<br \/>\n\t\t\t\t\t\t\t\t\t\t<img decoding=\"async\" width=\"300\" height=\"300\" src=\"https:\/\/www.vis-a-vis.org\/wp-content\/uploads\/2022\/02\/bg-300x300.jpg\" alt=\"\" loading=\"lazy\" srcset=\"https:\/\/www.vis-a-vis.org\/wp-content\/uploads\/2022\/02\/bg-300x300.jpg 300w, https:\/\/www.vis-a-vis.org\/wp-content\/uploads\/2022\/02\/bg-150x150.jpg 150w, https:\/\/www.vis-a-vis.org\/wp-content\/uploads\/2022\/02\/bg-230x230.jpg 230w, https:\/\/www.vis-a-vis.org\/wp-content\/uploads\/2022\/02\/bg-350x351.jpg 350w, https:\/\/www.vis-a-vis.org\/wp-content\/uploads\/2022\/02\/bg-480x481.jpg 480w, https:\/\/www.vis-a-vis.org\/wp-content\/uploads\/2022\/02\/bg.jpg 559w\" sizes=\"auto, (max-width: 300px) 100vw, 300px\" \/>\t\t\t\t\t\t\t\t\t\t\t<\/p>\n<h3>Bronwyn Glaser, PhD<\/h3>\n<p>Entwicklerin von Vis-\u00e0-Vis<\/p>\n<p>Bronwyn Glaser studiert seit ihrem Abschluss an der Stanford University im Jahr 1998 kognitive Ph\u00e4notypen und Verhaltensph\u00e4notypen. Sie begann ihre Karriere mit Forschungen mit Kindern und Familien, die von einem breiten Spektrum an neurogenetischen St\u00f6rungen betroffen sind, darunter auch das fragile-X-Syndrom, das Turner-Syndrom, das Williams-Syndrom und das velocardiofacial-Syndrom (VCFS). W\u00e4hrend ihres Magisterstudiums der klinischen Kinderpsychologie konzentrierte sie sich dann auf die Aufmerksamkeitsdefizitst\u00f6rung mit Hyperaktivit\u00e4t (ADHS) und w\u00e4hrend ihres Doktorats in Psychologie auf die Gesichtsverarbeitung bei Entwicklungsst\u00f6rungen. W\u00e4hrend ihres Doktorats untersuchte sie vor allem, wie die sozialen Kompetenzen und die Gehirnentwicklung durch Aufmerksamkeit f\u00fcr Gesichter und Gef\u00fchle stimuliert werden k\u00f6nnen. Ihre Studien zu diesen Themen haben die Grundlagen f\u00fcr Vis-\u00e0-Vis gebildet, ein Programm zur kognitiven F\u00f6rderung, das die Entwicklung von Kindern und Jugendlichen im Schulalter durch das Aufbauen von Arbeitsged\u00e4chtnis, Erkennen von Gef\u00fchlen und F\u00e4higkeiten zur Gesichtsverarbeitung unterst\u00fctzt. Mit ihrer klinischen Arbeit und ihrer Forschungsarbeit entwickelt Bronwyn auch weiterhin Eingriffsstrategien f\u00fcr Familien und Fachleute und setzt diese um. Mit Ver\u00f6ffentlichungen und Vortr\u00e4gen in der ganzen Welt versucht sie, die Kluft zwischen Forschung und Praxis zu \u00fcberbr\u00fccken. Bronwyn stammt aus Kalifornien und arbeitet in Genf, in Italien und im Tessin, der italienischsprachigen Region der Schweiz.<\/p>\n<h4>Sind Sie daran interessiert, unsere gemeinn\u00fctzige Arbeit zu unterst\u00fctzen?<\/h4>\n<p>Ob Sie unser 12-Wochen-Programm kaufen oder direkt spenden, Ihr Beitrag unterst\u00fctzt unsere Mission, Kindern mit Entwicklungsverz\u00f6gerungen zu helfen.<\/p>\n<p>\t\t\t<a href=\"#\" role=\"button\"><br \/>\n\t\t\t\t\t\tJetzt Spenden<br \/>\n\t\t\t\t\t<\/a><\/p>\n","protected":false},"excerpt":{"rendered":"<p>\u00dcber Uns Vis-\u00e0-Vis wurde in der Forschungsabteilung des Office M\u00e9dico-P\u00e9dagogique der Universit\u00e4t Genf entwickelt und von gemeinn\u00fctzigen Stiftungen mit Sitz in Genf entwickelt. Bronwyn Glaser, PhD Entwicklerin von Vis-\u00e0-Vis Bronwyn Glaser studiert seit ihrem Abschluss an der Stanford University im Jahr 1998 kognitive Ph\u00e4notypen und Verhaltensph\u00e4notypen. Sie begann ihre Karriere mit Forschungen mit Kindern und [&hellip;]<\/p>\n","protected":false},"author":1,"featured_media":0,"parent":0,"menu_order":0,"comment_status":"closed","ping_status":"closed","template":"page-templates\/page_front-page.php","meta":{"_mi_skip_tracking":false,"_monsterinsights_sitenote_active":false,"_monsterinsights_sitenote_note":"","_monsterinsights_sitenote_category":0,"_themeisle_gutenberg_block_has_review":false,"footnotes":""},"class_list":["post-3597","page","type-page","status-publish","hentry"],"yoast_head":"<!-- This site is optimized with the Yoast SEO plugin v21.9.1 - https:\/\/yoast.com\/wordpress\/plugins\/seo\/ -->\n<title>About Us - Vis-\u00e0-Vis<\/title>\n<meta name=\"robots\" content=\"index, follow, max-snippet:-1, max-image-preview:large, max-video-preview:-1\" \/>\n<link rel=\"canonical\" href=\"https:\/\/www.vis-a-vis.org\/de\/about-us\/\" \/>\n<meta property=\"og:locale\" content=\"de_DE\" \/>\n<meta property=\"og:type\" content=\"article\" \/>\n<meta property=\"og:title\" content=\"About Us - Vis-\u00e0-Vis\" \/>\n<meta property=\"og:description\" content=\"\u00dcber Uns Vis-\u00e0-Vis wurde in der Forschungsabteilung des Office M\u00e9dico-P\u00e9dagogique der Universit\u00e4t Genf entwickelt und von gemeinn\u00fctzigen Stiftungen mit Sitz in Genf entwickelt. Bronwyn Glaser, PhD Entwicklerin von Vis-\u00e0-Vis Bronwyn Glaser studiert seit ihrem Abschluss an der Stanford University im Jahr 1998 kognitive Ph\u00e4notypen und Verhaltensph\u00e4notypen. Sie begann ihre Karriere mit Forschungen mit Kindern und [&hellip;]\" \/>\n<meta property=\"og:url\" content=\"https:\/\/www.vis-a-vis.org\/de\/about-us\/\" \/>\n<meta property=\"og:site_name\" content=\"Vis-\u00e0-Vis\" \/>\n<meta property=\"article:modified_time\" content=\"2022-11-28T18:03:17+00:00\" \/>\n<meta property=\"og:image\" content=\"https:\/\/www.vis-a-vis.org\/wp-content\/uploads\/2022\/02\/bg-300x300.jpg\" \/>\n<meta name=\"twitter:card\" content=\"summary_large_image\" \/>\n<meta name=\"twitter:label1\" content=\"Gesch\u00e4tzte Lesezeit\" \/>\n\t<meta name=\"twitter:data1\" content=\"1\u00a0Minute\" \/>\n<script type=\"application\/ld+json\" class=\"yoast-schema-graph\">{\"@context\":\"https:\/\/schema.org\",\"@graph\":[{\"@type\":\"WebPage\",\"@id\":\"https:\/\/www.vis-a-vis.org\/de\/about-us\/\",\"url\":\"https:\/\/www.vis-a-vis.org\/de\/about-us\/\",\"name\":\"About Us - Vis-\u00e0-Vis\",\"isPartOf\":{\"@id\":\"https:\/\/www.vis-a-vis.org\/it\/#website\"},\"datePublished\":\"2022-05-17T13:15:29+00:00\",\"dateModified\":\"2022-11-28T18:03:17+00:00\",\"breadcrumb\":{\"@id\":\"https:\/\/www.vis-a-vis.org\/de\/about-us\/#breadcrumb\"},\"inLanguage\":\"de\",\"potentialAction\":[{\"@type\":\"ReadAction\",\"target\":[\"https:\/\/www.vis-a-vis.org\/de\/about-us\/\"]}]},{\"@type\":\"BreadcrumbList\",\"@id\":\"https:\/\/www.vis-a-vis.org\/de\/about-us\/#breadcrumb\",\"itemListElement\":[{\"@type\":\"ListItem\",\"position\":1,\"name\":\"Home\",\"item\":\"https:\/\/www.vis-a-vis.org\/\"},{\"@type\":\"ListItem\",\"position\":2,\"name\":\"About Us\"}]},{\"@type\":\"WebSite\",\"@id\":\"https:\/\/www.vis-a-vis.org\/it\/#website\",\"url\":\"https:\/\/www.vis-a-vis.org\/it\/\",\"name\":\"Vis-\u00e0-Vis\",\"description\":\"Ein gemeinn\u00fctziges kognitives Trainingsprogramm\",\"publisher\":{\"@id\":\"https:\/\/www.vis-a-vis.org\/it\/#organization\"},\"potentialAction\":[{\"@type\":\"SearchAction\",\"target\":{\"@type\":\"EntryPoint\",\"urlTemplate\":\"https:\/\/www.vis-a-vis.org\/it\/?s={search_term_string}\"},\"query-input\":\"required name=search_term_string\"}],\"inLanguage\":\"de\"},{\"@type\":\"Organization\",\"@id\":\"https:\/\/www.vis-a-vis.org\/it\/#organization\",\"name\":\"Vis-\u00e0-Vis\",\"url\":\"https:\/\/www.vis-a-vis.org\/it\/\",\"logo\":{\"@type\":\"ImageObject\",\"inLanguage\":\"de\",\"@id\":\"https:\/\/www.vis-a-vis.org\/it\/#\/schema\/logo\/image\/\",\"url\":\"https:\/\/www.vis-a-vis.org\/wp-content\/uploads\/2022\/02\/vav-horiz.png\",\"contentUrl\":\"https:\/\/www.vis-a-vis.org\/wp-content\/uploads\/2022\/02\/vav-horiz.png\",\"width\":391,\"height\":102,\"caption\":\"Vis-\u00e0-Vis\"},\"image\":{\"@id\":\"https:\/\/www.vis-a-vis.org\/it\/#\/schema\/logo\/image\/\"}}]}<\/script>\n<!-- \/ Yoast SEO plugin. -->","yoast_head_json":{"title":"About Us - Vis-\u00e0-Vis","robots":{"index":"index","follow":"follow","max-snippet":"max-snippet:-1","max-image-preview":"max-image-preview:large","max-video-preview":"max-video-preview:-1"},"canonical":"https:\/\/www.vis-a-vis.org\/de\/about-us\/","og_locale":"de_DE","og_type":"article","og_title":"About Us - Vis-\u00e0-Vis","og_description":"\u00dcber Uns Vis-\u00e0-Vis wurde in der Forschungsabteilung des Office M\u00e9dico-P\u00e9dagogique der Universit\u00e4t Genf entwickelt und von gemeinn\u00fctzigen Stiftungen mit Sitz in Genf entwickelt. Bronwyn Glaser, PhD Entwicklerin von Vis-\u00e0-Vis Bronwyn Glaser studiert seit ihrem Abschluss an der Stanford University im Jahr 1998 kognitive Ph\u00e4notypen und Verhaltensph\u00e4notypen. Sie begann ihre Karriere mit Forschungen mit Kindern und [&hellip;]","og_url":"https:\/\/www.vis-a-vis.org\/de\/about-us\/","og_site_name":"Vis-\u00e0-Vis","article_modified_time":"2022-11-28T18:03:17+00:00","og_image":[{"url":"https:\/\/www.vis-a-vis.org\/wp-content\/uploads\/2022\/02\/bg-300x300.jpg"}],"twitter_card":"summary_large_image","twitter_misc":{"Gesch\u00e4tzte Lesezeit":"1\u00a0Minute"},"schema":{"@context":"https:\/\/schema.org","@graph":[{"@type":"WebPage","@id":"https:\/\/www.vis-a-vis.org\/de\/about-us\/","url":"https:\/\/www.vis-a-vis.org\/de\/about-us\/","name":"About Us - Vis-\u00e0-Vis","isPartOf":{"@id":"https:\/\/www.vis-a-vis.org\/it\/#website"},"datePublished":"2022-05-17T13:15:29+00:00","dateModified":"2022-11-28T18:03:17+00:00","breadcrumb":{"@id":"https:\/\/www.vis-a-vis.org\/de\/about-us\/#breadcrumb"},"inLanguage":"de","potentialAction":[{"@type":"ReadAction","target":["https:\/\/www.vis-a-vis.org\/de\/about-us\/"]}]},{"@type":"BreadcrumbList","@id":"https:\/\/www.vis-a-vis.org\/de\/about-us\/#breadcrumb","itemListElement":[{"@type":"ListItem","position":1,"name":"Home","item":"https:\/\/www.vis-a-vis.org\/"},{"@type":"ListItem","position":2,"name":"About Us"}]},{"@type":"WebSite","@id":"https:\/\/www.vis-a-vis.org\/it\/#website","url":"https:\/\/www.vis-a-vis.org\/it\/","name":"Vis-\u00e0-Vis","description":"Ein gemeinn\u00fctziges kognitives Trainingsprogramm","publisher":{"@id":"https:\/\/www.vis-a-vis.org\/it\/#organization"},"potentialAction":[{"@type":"SearchAction","target":{"@type":"EntryPoint","urlTemplate":"https:\/\/www.vis-a-vis.org\/it\/?s={search_term_string}"},"query-input":"required name=search_term_string"}],"inLanguage":"de"},{"@type":"Organization","@id":"https:\/\/www.vis-a-vis.org\/it\/#organization","name":"Vis-\u00e0-Vis","url":"https:\/\/www.vis-a-vis.org\/it\/","logo":{"@type":"ImageObject","inLanguage":"de","@id":"https:\/\/www.vis-a-vis.org\/it\/#\/schema\/logo\/image\/","url":"https:\/\/www.vis-a-vis.org\/wp-content\/uploads\/2022\/02\/vav-horiz.png","contentUrl":"https:\/\/www.vis-a-vis.org\/wp-content\/uploads\/2022\/02\/vav-horiz.png","width":391,"height":102,"caption":"Vis-\u00e0-Vis"},"image":{"@id":"https:\/\/www.vis-a-vis.org\/it\/#\/schema\/logo\/image\/"}}]}},"_links":{"self":[{"href":"https:\/\/www.vis-a-vis.org\/de\/wp-json\/wp\/v2\/pages\/3597","targetHints":{"allow":["GET"]}}],"collection":[{"href":"https:\/\/www.vis-a-vis.org\/de\/wp-json\/wp\/v2\/pages"}],"about":[{"href":"https:\/\/www.vis-a-vis.org\/de\/wp-json\/wp\/v2\/types\/page"}],"author":[{"embeddable":true,"href":"https:\/\/www.vis-a-vis.org\/de\/wp-json\/wp\/v2\/users\/1"}],"replies":[{"embeddable":true,"href":"https:\/\/www.vis-a-vis.org\/de\/wp-json\/wp\/v2\/comments?post=3597"}],"version-history":[{"count":16,"href":"https:\/\/www.vis-a-vis.org\/de\/wp-json\/wp\/v2\/pages\/3597\/revisions"}],"predecessor-version":[{"id":5483,"href":"https:\/\/www.vis-a-vis.org\/de\/wp-json\/wp\/v2\/pages\/3597\/revisions\/5483"}],"wp:attachment":[{"href":"https:\/\/www.vis-a-vis.org\/de\/wp-json\/wp\/v2\/media?parent=3597"}],"curies":[{"name":"wp","href":"https:\/\/api.w.org\/{rel}","templated":true}]}}