{"id":3677,"date":"2021-01-19T10:13:32","date_gmt":"2021-01-19T09:13:32","guid":{"rendered":"https:\/\/www.vis-a-vis.org\/index.php\/research\/"},"modified":"2022-10-06T20:06:53","modified_gmt":"2022-10-06T18:06:53","slug":"research","status":"publish","type":"page","link":"https:\/\/www.vis-a-vis.org\/de\/research\/","title":{"rendered":"Research"},"content":{"rendered":"\t\t<div data-elementor-type=\"wp-page\" data-elementor-id=\"3677\" class=\"elementor elementor-3677 elementor-566\">\n\t\t\t\t\t\t\t\t\t<section class=\"elementor-section elementor-top-section elementor-element elementor-element-3b006f0 elementor-section-height-min-height elementor-section-content-space-evenly elementor-section-boxed elementor-section-height-default elementor-section-items-middle\" data-id=\"3b006f0\" data-element_type=\"section\" data-settings=\"{&quot;background_background&quot;:&quot;classic&quot;}\">\n\t\t\t\t\t\t<div class=\"elementor-container elementor-column-gap-default\">\n\t\t\t\t\t<div class=\"elementor-column elementor-col-100 elementor-top-column elementor-element elementor-element-ba8fffb\" data-id=\"ba8fffb\" data-element_type=\"column\">\n\t\t\t<div class=\"elementor-widget-wrap elementor-element-populated\">\n\t\t\t\t\t\t\t\t<div class=\"elementor-element elementor-element-be73bb9 elementor-widget elementor-widget-heading\" data-id=\"be73bb9\" data-element_type=\"widget\" data-widget_type=\"heading.default\">\n\t\t\t\t<div class=\"elementor-widget-container\">\n\t\t\t<h1 class=\"elementor-heading-title elementor-size-default\">Forschung und FAQ<\/h1>\t\t<\/div>\n\t\t\t\t<\/div>\n\t\t\t\t\t<\/div>\n\t\t<\/div>\n\t\t\t\t\t\t\t<\/div>\n\t\t<\/section>\n\t\t\t\t<section class=\"elementor-section elementor-top-section elementor-element elementor-element-a44d4df elementor-section-boxed elementor-section-height-default elementor-section-height-default\" data-id=\"a44d4df\" data-element_type=\"section\">\n\t\t\t\t\t\t<div class=\"elementor-container elementor-column-gap-default\">\n\t\t\t\t\t<div class=\"elementor-column elementor-col-100 elementor-top-column elementor-element elementor-element-082bb63\" data-id=\"082bb63\" data-element_type=\"column\">\n\t\t\t<div class=\"elementor-widget-wrap elementor-element-populated\">\n\t\t\t\t\t\t\t\t<div class=\"elementor-element elementor-element-2b47d59 elementor-widget elementor-widget-spacer\" data-id=\"2b47d59\" data-element_type=\"widget\" data-widget_type=\"spacer.default\">\n\t\t\t\t<div class=\"elementor-widget-container\">\n\t\t\t\t\t<div class=\"elementor-spacer\">\n\t\t\t<div class=\"elementor-spacer-inner\"><\/div>\n\t\t<\/div>\n\t\t\t\t<\/div>\n\t\t\t\t<\/div>\n\t\t\t\t<div class=\"elementor-element elementor-element-d49604e elementor-widget elementor-widget-accordion\" data-id=\"d49604e\" data-element_type=\"widget\" data-widget_type=\"accordion.default\">\n\t\t\t\t<div class=\"elementor-widget-container\">\n\t\t\t\t\t<div class=\"elementor-accordion\">\n\t\t\t\t\t\t\t<div class=\"elementor-accordion-item\">\n\t\t\t\t\t<div id=\"elementor-tab-title-2221\" class=\"elementor-tab-title\" data-tab=\"1\" role=\"button\" aria-controls=\"elementor-tab-content-2221\" aria-expanded=\"false\">\n\t\t\t\t\t\t\t\t\t\t\t\t<a class=\"elementor-accordion-title\" tabindex=\"0\">Warum wurde Vis-\u00e0-Vis entwickelt?<\/a>\n\t\t\t\t\t<\/div>\n\t\t\t\t\t<div id=\"elementor-tab-content-2221\" class=\"elementor-tab-content elementor-clearfix\" data-tab=\"1\" role=\"region\" aria-labelledby=\"elementor-tab-title-2221\"><p>Nach mehr als 15 Jahren neurowissenschaftlicher Forschung mit Kindern und Jugendlichen, die unter sozio-emotionalen Beeintr\u00e4chtigungen und Entwicklungsverz\u00f6gerung leiden, haben wir Vis-\u00e0-Vis als ein Interventionsinstrument entwickelt, das unsere Probanden dabei unterst\u00fctzten kann, an einigen der forschungsgest\u00fctzten F\u00e4higkeiten zu arbeiten, die ihnen fehlten. Das neu programmierte webbasierte Format macht das Programm einfach zug\u00e4nglich f\u00fcr \u00c4rzte, P\u00e4dagogen, Eltern und auch Lehrer.<\/p><p>Vis-\u00e0-Vis wurde f\u00fcr Kinder und Jugendliche im Alter von 7 bis 16 Jahren entwickelt, das hei\u00dft f\u00fcr die Entwicklungsphase, in der die Gesichts- und Gef\u00fchlsverarbeitung typischerweise das Niveau von Erwachsenen erreicht. Das Programm wurde in Frankreich entwickelt und getestet, bevor es f\u00fcr die Webseite auf Englisch, Italienisch und Deutsch \u00fcbersetzt wurde.<\/p><p><img loading=\"lazy\" decoding=\"async\" class=\"\" style=\"color: var( --e-global-color-ae32c32 ); background-color: transparent;\" src=\"https:\/\/cdn-icons-png.flaticon.com\/512\/0\/375.png\" alt=\"Play button - Free music icons\" width=\"16\" height=\"16\" \/> <span lang=\"DE\"><a href=\"https:\/\/www.youtube.com\/watch?v=M_IRmLiamsk\" target=\"_blank\" rel=\"noopener\"><span lang=\"de\">In diesem Video erkl\u00e4rt Dr. Bronwyn Glaser, wie die Forschung \u00fcber Entwicklungsverz\u00f6gerungen zur Entwicklung dieses wertvollen Lernmittels f\u00fcr das kognitive Training gef\u00fchrt hat.<\/span><\/a><\/span><\/p><\/div>\n\t\t\t\t<\/div>\n\t\t\t\t\t\t\t<div class=\"elementor-accordion-item\">\n\t\t\t\t\t<div id=\"elementor-tab-title-2222\" class=\"elementor-tab-title\" data-tab=\"2\" role=\"button\" aria-controls=\"elementor-tab-content-2222\" aria-expanded=\"false\">\n\t\t\t\t\t\t\t\t\t\t\t\t<a class=\"elementor-accordion-title\" tabindex=\"0\">Welche Forschungen stehen hinter dem Aufbau von Vis-\u00e0-Vis?<\/a>\n\t\t\t\t\t<\/div>\n\t\t\t\t\t<div id=\"elementor-tab-content-2222\" class=\"elementor-tab-content elementor-clearfix\" data-tab=\"2\" role=\"region\" aria-labelledby=\"elementor-tab-title-2222\"><p>Bei der Entwicklung von Vis-\u00e0-Vis war es uns wichtig, das Interesse des Nutzers mithilfe von motivierenden Spielen zu wecken. Aus diesem Grund basieren die Spiele auf einer Computeroberfl\u00e4che und der Bedienung mit der Maus (Hand-Augen-Koordination), direkter R\u00fcckmeldung, positiver Best\u00e4tigung und der Wiederholung und Abfrage von neu gelerntem Material.<\/p><p>Jedes Element von Vis-\u00e0-Vis basiert auf Forschungen.<\/p><p>Der Bereich <em>Konzentration auf die Augen<\/em> inspiriert sich an einer Vielzahl neuerer Studien, die mit der Eyetracking-Technologie arbeiten und aus denen hervorgeht, wie wichtig es ist, sich haupts\u00e4chlich auf den Augenbereich eines Gesichts zu konzentrieren, um soziale Hinweisreize zu verstehen[1].<\/p><p>Zahlreiche Studien haben gezeigt, dass Kinder mit sozio-emotionalen Entwicklungsst\u00f6rungen dazu neigen, weniger in die Augen eines Gesichts zu blicken als Kinder mit normaler Entwicklung[2][3][4]. Das kann dazu f\u00fchren, dass sie wichtige Gef\u00fchlsausdr\u00fccke \u00fcbersehen, die von den Augen vermittelt werden.<\/p><p>Ein zu kurzer Augenkontakt kann das angeborene Verst\u00e4ndnis eines Kindes f\u00fcr soziale Situationen beeintr\u00e4chtigen und damit ihre F\u00e4higkeit, Gef\u00fchle zu erkennen, was zu Angstgef\u00fchlen f\u00fchren kann, die sich wiederum negativ auf das Selbstvertrauen und die gesellschaftliche Wertsch\u00e4tzung auswirken.<\/p><p>Zus\u00e4tzlich dazu, die Aufmerksamkeit auf die Augen zu lenken, war es unser Ziel, Informationen und konkrete Strategien f\u00fcr den Umgang mit sozio-emotionalen Situationen zu liefern, die f\u00fcr Kinder mit geistigen Behinderungen weniger intuitiv sein k\u00f6nnen.<\/p><p>Aus diesem Grund lehren wir die Physiognomie der emotionalen Gesichtsausdr\u00fccke zusammen mit Beispielen f\u00fcr die Geisteszust\u00e4nde, die jedem Gef\u00fchl entsprechen. Letzteres hilft dabei, den emotionalen Wortschatz und die Empathie des Kindes zu verbessern und ihm beizubringen, wie es Gef\u00fchlsausdr\u00fccke benennen und diese verarbeiten kann. Mit diesem Ansatz k\u00f6nnen in gewissem Sinne Informationen, die bereits vorhanden sind, auf eine bewusste Ebene gehoben werden. Forschungen zeigen, dass der einfache Akt des Wahrnehmens und Erkennens von Gef\u00fchlen beruhigend auf emotionale Angstzust\u00e4nden wirken kann[5].<\/p><p>Der dritte Teil des Programms arbeitet am nonverbalen Arbeitsged\u00e4chtnis.<\/p><p>Die Bereiche des pr\u00e4frontalen Cortex, die f\u00fcr das Funktionieren des Arbeitsged\u00e4chtnisses zust\u00e4ndig sind, geh\u00f6ren zu den letzten, die zur Reife gelangen[6], und k\u00f6nnen aus diesem Grund bei Kindern mit Gehirnabnormit\u00e4ten besonders verletzlich sein.<\/p><p>Das Arbeitsged\u00e4chtnis legt auch die Menge an Informationen fest, die wir verarbeiten k\u00f6nnen, w\u00e4hrend wir eine andere geistige Aufgabe erf\u00fcllen, wie zum Beispiel das F\u00fchren eines Gespr\u00e4chs. Aus diesem Grund spielt die Verbesserung des Arbeitsged\u00e4chtnisses eine wichtige Rolle f\u00fcr die Verbesserung des Denkverm\u00f6gens[7].<\/p><\/div>\n\t\t\t\t<\/div>\n\t\t\t\t\t\t\t<div class=\"elementor-accordion-item\">\n\t\t\t\t\t<div id=\"elementor-tab-title-2223\" class=\"elementor-tab-title\" data-tab=\"3\" role=\"button\" aria-controls=\"elementor-tab-content-2223\" aria-expanded=\"false\">\n\t\t\t\t\t\t\t\t\t\t\t\t<a class=\"elementor-accordion-title\" tabindex=\"0\">Was sagt die Forschung \u00fcber Vis-\u00e0-Vis?<\/a>\n\t\t\t\t\t<\/div>\n\t\t\t\t\t<div id=\"elementor-tab-content-2223\" class=\"elementor-tab-content elementor-clearfix\" data-tab=\"3\" role=\"region\" aria-labelledby=\"elementor-tab-title-2223\"><p>Nach der Entwicklung von Vis-\u00e0-Vis im Jahr 2007 haben wir 2008 eine Pilotstudie mit einer Gruppe Kinder (im Alter von 8 &#8211; 10 Jahren) durchgef\u00fchrt, die unter Entwicklungsverz\u00f6gerung leiden, um sicherzustellen, dass die Spiele den richtigen Schwierigkeitsgrad haben. Wir konnten feststellen, dass die Teilnehmer an der Studie nach Absolvieren des 12-Wochen-Programms alle insbesondere ihr nonverbales Denkverm\u00f6gen und ihre F\u00e4higkeit, Gef\u00fchle zu erkennen, verbessert haben. Sie wurden auch bei den verschiedenen Spielen besser, die sie mit Vis-\u00e0-Vis w\u00e4hrend des F\u00f6rderunterrichts gespielt haben, und zeigten eine deutliche Verbesserung und ein deutliches Lernen. Diese Verbesserungen waren sechs Monate nach Ende des Programms nach wie vor vorhanden.<\/p><p><a href=\"https:\/\/www.visavis.unige.ch\/vav\/images\/AJIDD_2012.pdf\">Der Artikel \u00fcber diese Pilotstudie kann mit diesem Link heruntergeladen werden.<\/a><\/p><p>Anschlie\u00dfend haben wir eine Studie mit Kindern und Jugendlichen, die unter Autismus und Deletionssyndrom 22q11.2 leiden, und einer allgemeineren Gruppe mit Entwicklungsverz\u00f6gerung durchgef\u00fchrt, bei der die Kinder mit Vis-\u00e0-Vis gearbeitet haben. Auch in diesem Fall konnten die Teilnehmer ihr nonverbales Denkverm\u00f6gen und ihre Entwicklungsverz\u00f6gerung verbessern. Die Teilnehmer, die unter Autismus und Deletionssyndrom 22q11 leiden, konnten au\u00dferdem ihre Aufmerksamkeit und Konzentrationsf\u00e4higkeit verbessern. Sie zeigten au\u00dferdem eine signifikante Verbesserung bei Angstzust\u00e4nden im Zusammenhang mit ihren Eltern und bei verinnerlichten Verhaltensst\u00f6rungen.<\/p><\/div>\n\t\t\t\t<\/div>\n\t\t\t\t\t\t\t<div class=\"elementor-accordion-item\">\n\t\t\t\t\t<div id=\"elementor-tab-title-2224\" class=\"elementor-tab-title\" data-tab=\"4\" role=\"button\" aria-controls=\"elementor-tab-content-2224\" aria-expanded=\"false\">\n\t\t\t\t\t\t\t\t\t\t\t\t<a class=\"elementor-accordion-title\" tabindex=\"0\">M\u00f6chten Sie Ihr eigenes Forschungsprojekt mit Vis-\u00e0-Vis durchf\u00fchren?<\/a>\n\t\t\t\t\t<\/div>\n\t\t\t\t\t<div id=\"elementor-tab-content-2224\" class=\"elementor-tab-content elementor-clearfix\" data-tab=\"4\" role=\"region\" aria-labelledby=\"elementor-tab-title-2224\"><p>Wir sind sehr daran interessiert, den klinischen Nutzen und den Nutzen f\u00fcr die Forschung von Vis-\u00e0-Vis weiter zu untersuchen oder weitere Studien im Bereich der forschungsbasierten p\u00e4dagogischen Eingriffe und der Lernmittel f\u00fcr die soziale Bereicherung zu betreiben. Bitte kontaktieren Sie uns, wenn Sie daran interessiert sind, Vis-\u00e0-Vis in ein Forschungsprojekt zu integrieren oder die Webseite zu nutzen, um Daten von ihrer Nutzergruppe zu generieren.<\/p><\/div>\n\t\t\t\t<\/div>\n\t\t\t\t\t\t\t<div class=\"elementor-accordion-item\">\n\t\t\t\t\t<div id=\"elementor-tab-title-2225\" class=\"elementor-tab-title\" data-tab=\"5\" role=\"button\" aria-controls=\"elementor-tab-content-2225\" aria-expanded=\"false\">\n\t\t\t\t\t\t\t\t\t\t\t\t<a class=\"elementor-accordion-title\" tabindex=\"0\">W\u00fcrden Sie gerne Vis-\u00e0-Vis in Ihrer Landessprache nutzen k\u00f6nnen?<\/a>\n\t\t\t\t\t<\/div>\n\t\t\t\t\t<div id=\"elementor-tab-content-2225\" class=\"elementor-tab-content elementor-clearfix\" data-tab=\"5\" role=\"region\" aria-labelledby=\"elementor-tab-title-2225\"><p>Bitte kontaktieren Sie uns bez\u00fcglich der M\u00f6glichkeit, die Webseite mit \u00dcbersetzungen zu erweitern!<\/p><\/div>\n\t\t\t\t<\/div>\n\t\t\t\t\t\t\t\t<\/div>\n\t\t\t\t<\/div>\n\t\t\t\t<\/div>\n\t\t\t\t<div class=\"elementor-element elementor-element-61dcdb9 elementor-widget elementor-widget-text-editor\" data-id=\"61dcdb9\" data-element_type=\"widget\" data-widget_type=\"text-editor.default\">\n\t\t\t\t<div class=\"elementor-widget-container\">\n\t\t\t\t\t\t\t<p style=\"font-weight: 400;\"><em style=\"color: var( --e-global-color-text ); background-color: transparent;\">[1]Senju, A., &amp; Johnson, M. H. (2009). The eye contact effect: Mechanisms and development. Trends in Cognitive Sciences, 13(3), 127\u2013134.<\/em><\/p><p><em>[2]Glaser, B., Debban\u00e9, M., Ottet, M. C., Vuilleumier, P., Zesiger, P., Antonarakis, S. E., &amp; Eliez, S. (2010). Eye gaze during face processing in children and adolescents with 22q11.2 deletion syndrome. Journal of the American Academy of Child and Adolescent Psychiatry, 49(7), 665\u2013674.<\/em><\/p><p><em>[3]Hernandez, N., Metzger, A., Magne\u00b4, R., Bonnet-Brilhault, F., Roux, S., Barthelemy, C., &amp; Martineau, J. (2009). Exploration of core features of a human face by healthy and autistic adults analyzed by visual scanning. Neuropsychologia, 47(4), 1004\u20131012.<\/em><\/p><p><em>[4]Mazzola, F., Seigal, A., MacAskill, A., Corden, B., Lawrence, K., &amp; Skuse, D. H. (2006). Eye tracking and fear recognition deficits in Turner syndrome. Social Neuroscience, 1(3\u20134), 259\u2013269.<\/em><\/p><p><em>[5]Lieberman, M. D., Eisenberger, N. I., Crockett, M. J., Tom, S. M., Pfeifer, J. H., &amp; Way, B. M. (2007). Putting feelings into words: Affect labeling disrupts amygdala activity in response to affective stimuli. Psychological Science, 18(5), 421\u2013428.<\/em><\/p><p><em>[6]Gogtay, N., Giedd, J. N., Lusk, L., Hayashi, K. M., Greenstein, D., Vaituzis, A. C., Nugent, T.F. 3rd, Herman, D.H., Clasen, L.S., Toga, A.W., Rapoport, J.L., Thompson, P. M. (2004). Dynamic mapping of human cortical development during childhood through early adulthood. Proceedings of the National Academy of Sciences of the United States of America, 101(21), 8174\u20138179.<\/em><\/p><p><em>[7]Klingberg, T., Fernell, E., Olesen, P. J., Johnson, M., Gustafsson, P., Dahlstr\u00f6m, K., Gillberg, C.G., Forssberg, H., Westerberg, H. (2005). Computerized training of working memory in children with ADHD\u2014A randomized, controlled trial. Journal of the American Academy of Child and Adolescent Psychiatry, 44(2), 77\u2013186.<\/em><\/p>\t\t\t\t\t\t<\/div>\n\t\t\t\t<\/div>\n\t\t\t\t\t<\/div>\n\t\t<\/div>\n\t\t\t\t\t\t\t<\/div>\n\t\t<\/section>\n\t\t\t\t<section class=\"elementor-section elementor-top-section elementor-element elementor-element-b74851c animated-slow elementor-section-boxed elementor-section-height-default elementor-section-height-default elementor-invisible\" data-id=\"b74851c\" data-element_type=\"section\" data-settings=\"{&quot;background_background&quot;:&quot;classic&quot;,&quot;animation&quot;:&quot;fadeIn&quot;}\">\n\t\t\t\t\t\t<div class=\"elementor-container elementor-column-gap-default\">\n\t\t\t\t\t<div class=\"elementor-column elementor-col-100 elementor-top-column elementor-element elementor-element-d32eacd\" data-id=\"d32eacd\" data-element_type=\"column\">\n\t\t\t<div class=\"elementor-widget-wrap elementor-element-populated\">\n\t\t\t\t\t\t\t\t<div class=\"elementor-element elementor-element-cdfad35 elementor-widget elementor-widget-heading\" data-id=\"cdfad35\" data-element_type=\"widget\" data-widget_type=\"heading.default\">\n\t\t\t\t<div class=\"elementor-widget-container\">\n\t\t\t<h3 class=\"elementor-heading-title elementor-size-default\">Sind Sie an einer kostenlosen Testversion interessiert?<\/h3>\t\t<\/div>\n\t\t\t\t<\/div>\n\t\t\t\t<div class=\"elementor-element elementor-element-bcdfe14 elementor-align-center elementor-widget elementor-widget-button\" data-id=\"bcdfe14\" data-element_type=\"widget\" data-widget_type=\"button.default\">\n\t\t\t\t<div class=\"elementor-widget-container\">\n\t\t\t\t\t<div class=\"elementor-button-wrapper\">\n\t\t\t<a class=\"elementor-button elementor-button-link elementor-size-lg\" href=\"#\">\n\t\t\t\t\t\t<span class=\"elementor-button-content-wrapper\">\n\t\t\t\t\t\t<span class=\"elementor-button-text\">Jetzt Registrieren<\/span>\n\t\t<\/span>\n\t\t\t\t\t<\/a>\n\t\t<\/div>\n\t\t\t\t<\/div>\n\t\t\t\t<\/div>\n\t\t\t\t\t<\/div>\n\t\t<\/div>\n\t\t\t\t\t\t\t<\/div>\n\t\t<\/section>\n\t\t\t\t\t\t\t<\/div>\n\t\t","protected":false},"excerpt":{"rendered":"<p>Forschung und FAQ Warum wurde Vis-\u00e0-Vis entwickelt? Nach mehr als 15 Jahren neurowissenschaftlicher Forschung mit Kindern und Jugendlichen, die unter sozio-emotionalen Beeintr\u00e4chtigungen und Entwicklungsverz\u00f6gerung leiden, haben wir Vis-\u00e0-Vis als ein Interventionsinstrument entwickelt, das unsere Probanden dabei unterst\u00fctzten kann, an einigen der forschungsgest\u00fctzten F\u00e4higkeiten zu arbeiten, die ihnen fehlten. Das neu programmierte webbasierte Format macht das [&hellip;]<\/p>\n","protected":false},"author":1,"featured_media":0,"parent":0,"menu_order":0,"comment_status":"closed","ping_status":"closed","template":"page-templates\/page_front-page.php","meta":{"_mi_skip_tracking":false,"_monsterinsights_sitenote_active":false,"_monsterinsights_sitenote_note":"","_monsterinsights_sitenote_category":0,"_themeisle_gutenberg_block_has_review":false,"footnotes":""},"class_list":["post-3677","page","type-page","status-publish","hentry"],"yoast_head":"<!-- This site is optimized with the Yoast SEO plugin v21.9.1 - https:\/\/yoast.com\/wordpress\/plugins\/seo\/ -->\n<title>Research - Vis-\u00e0-Vis<\/title>\n<meta name=\"robots\" content=\"index, follow, max-snippet:-1, max-image-preview:large, max-video-preview:-1\" \/>\n<link rel=\"canonical\" href=\"https:\/\/www.vis-a-vis.org\/de\/research\/\" \/>\n<meta property=\"og:locale\" content=\"de_DE\" \/>\n<meta property=\"og:type\" content=\"article\" \/>\n<meta property=\"og:title\" content=\"Research - Vis-\u00e0-Vis\" \/>\n<meta property=\"og:description\" content=\"Forschung und FAQ Warum wurde Vis-\u00e0-Vis entwickelt? Nach mehr als 15 Jahren neurowissenschaftlicher Forschung mit Kindern und Jugendlichen, die unter sozio-emotionalen Beeintr\u00e4chtigungen und Entwicklungsverz\u00f6gerung leiden, haben wir Vis-\u00e0-Vis als ein Interventionsinstrument entwickelt, das unsere Probanden dabei unterst\u00fctzten kann, an einigen der forschungsgest\u00fctzten F\u00e4higkeiten zu arbeiten, die ihnen fehlten. Das neu programmierte webbasierte Format macht das [&hellip;]\" \/>\n<meta property=\"og:url\" content=\"https:\/\/www.vis-a-vis.org\/de\/research\/\" \/>\n<meta property=\"og:site_name\" content=\"Vis-\u00e0-Vis\" \/>\n<meta property=\"article:modified_time\" content=\"2022-10-06T18:06:53+00:00\" \/>\n<meta property=\"og:image\" content=\"https:\/\/cdn-icons-png.flaticon.com\/512\/0\/375.png\" \/>\n<meta name=\"twitter:card\" content=\"summary_large_image\" \/>\n<meta name=\"twitter:label1\" content=\"Gesch\u00e4tzte Lesezeit\" \/>\n\t<meta name=\"twitter:data1\" content=\"6\u00a0Minuten\" \/>\n<script type=\"application\/ld+json\" class=\"yoast-schema-graph\">{\"@context\":\"https:\/\/schema.org\",\"@graph\":[{\"@type\":\"WebPage\",\"@id\":\"https:\/\/www.vis-a-vis.org\/de\/research\/\",\"url\":\"https:\/\/www.vis-a-vis.org\/de\/research\/\",\"name\":\"Research - Vis-\u00e0-Vis\",\"isPartOf\":{\"@id\":\"https:\/\/www.vis-a-vis.org\/it\/#website\"},\"datePublished\":\"2021-01-19T09:13:32+00:00\",\"dateModified\":\"2022-10-06T18:06:53+00:00\",\"breadcrumb\":{\"@id\":\"https:\/\/www.vis-a-vis.org\/de\/research\/#breadcrumb\"},\"inLanguage\":\"de\",\"potentialAction\":[{\"@type\":\"ReadAction\",\"target\":[\"https:\/\/www.vis-a-vis.org\/de\/research\/\"]}]},{\"@type\":\"BreadcrumbList\",\"@id\":\"https:\/\/www.vis-a-vis.org\/de\/research\/#breadcrumb\",\"itemListElement\":[{\"@type\":\"ListItem\",\"position\":1,\"name\":\"Home\",\"item\":\"https:\/\/www.vis-a-vis.org\/\"},{\"@type\":\"ListItem\",\"position\":2,\"name\":\"Research\"}]},{\"@type\":\"WebSite\",\"@id\":\"https:\/\/www.vis-a-vis.org\/it\/#website\",\"url\":\"https:\/\/www.vis-a-vis.org\/it\/\",\"name\":\"Vis-\u00e0-Vis\",\"description\":\"Ein gemeinn\u00fctziges kognitives Trainingsprogramm\",\"publisher\":{\"@id\":\"https:\/\/www.vis-a-vis.org\/it\/#organization\"},\"potentialAction\":[{\"@type\":\"SearchAction\",\"target\":{\"@type\":\"EntryPoint\",\"urlTemplate\":\"https:\/\/www.vis-a-vis.org\/it\/?s={search_term_string}\"},\"query-input\":\"required name=search_term_string\"}],\"inLanguage\":\"de\"},{\"@type\":\"Organization\",\"@id\":\"https:\/\/www.vis-a-vis.org\/it\/#organization\",\"name\":\"Vis-\u00e0-Vis\",\"url\":\"https:\/\/www.vis-a-vis.org\/it\/\",\"logo\":{\"@type\":\"ImageObject\",\"inLanguage\":\"de\",\"@id\":\"https:\/\/www.vis-a-vis.org\/it\/#\/schema\/logo\/image\/\",\"url\":\"https:\/\/www.vis-a-vis.org\/wp-content\/uploads\/2022\/02\/vav-horiz.png\",\"contentUrl\":\"https:\/\/www.vis-a-vis.org\/wp-content\/uploads\/2022\/02\/vav-horiz.png\",\"width\":391,\"height\":102,\"caption\":\"Vis-\u00e0-Vis\"},\"image\":{\"@id\":\"https:\/\/www.vis-a-vis.org\/it\/#\/schema\/logo\/image\/\"}}]}<\/script>\n<!-- \/ Yoast SEO plugin. -->","yoast_head_json":{"title":"Research - Vis-\u00e0-Vis","robots":{"index":"index","follow":"follow","max-snippet":"max-snippet:-1","max-image-preview":"max-image-preview:large","max-video-preview":"max-video-preview:-1"},"canonical":"https:\/\/www.vis-a-vis.org\/de\/research\/","og_locale":"de_DE","og_type":"article","og_title":"Research - Vis-\u00e0-Vis","og_description":"Forschung und FAQ Warum wurde Vis-\u00e0-Vis entwickelt? Nach mehr als 15 Jahren neurowissenschaftlicher Forschung mit Kindern und Jugendlichen, die unter sozio-emotionalen Beeintr\u00e4chtigungen und Entwicklungsverz\u00f6gerung leiden, haben wir Vis-\u00e0-Vis als ein Interventionsinstrument entwickelt, das unsere Probanden dabei unterst\u00fctzten kann, an einigen der forschungsgest\u00fctzten F\u00e4higkeiten zu arbeiten, die ihnen fehlten. Das neu programmierte webbasierte Format macht das [&hellip;]","og_url":"https:\/\/www.vis-a-vis.org\/de\/research\/","og_site_name":"Vis-\u00e0-Vis","article_modified_time":"2022-10-06T18:06:53+00:00","og_image":[{"url":"https:\/\/cdn-icons-png.flaticon.com\/512\/0\/375.png"}],"twitter_card":"summary_large_image","twitter_misc":{"Gesch\u00e4tzte Lesezeit":"6\u00a0Minuten"},"schema":{"@context":"https:\/\/schema.org","@graph":[{"@type":"WebPage","@id":"https:\/\/www.vis-a-vis.org\/de\/research\/","url":"https:\/\/www.vis-a-vis.org\/de\/research\/","name":"Research - Vis-\u00e0-Vis","isPartOf":{"@id":"https:\/\/www.vis-a-vis.org\/it\/#website"},"datePublished":"2021-01-19T09:13:32+00:00","dateModified":"2022-10-06T18:06:53+00:00","breadcrumb":{"@id":"https:\/\/www.vis-a-vis.org\/de\/research\/#breadcrumb"},"inLanguage":"de","potentialAction":[{"@type":"ReadAction","target":["https:\/\/www.vis-a-vis.org\/de\/research\/"]}]},{"@type":"BreadcrumbList","@id":"https:\/\/www.vis-a-vis.org\/de\/research\/#breadcrumb","itemListElement":[{"@type":"ListItem","position":1,"name":"Home","item":"https:\/\/www.vis-a-vis.org\/"},{"@type":"ListItem","position":2,"name":"Research"}]},{"@type":"WebSite","@id":"https:\/\/www.vis-a-vis.org\/it\/#website","url":"https:\/\/www.vis-a-vis.org\/it\/","name":"Vis-\u00e0-Vis","description":"Ein gemeinn\u00fctziges kognitives Trainingsprogramm","publisher":{"@id":"https:\/\/www.vis-a-vis.org\/it\/#organization"},"potentialAction":[{"@type":"SearchAction","target":{"@type":"EntryPoint","urlTemplate":"https:\/\/www.vis-a-vis.org\/it\/?s={search_term_string}"},"query-input":"required name=search_term_string"}],"inLanguage":"de"},{"@type":"Organization","@id":"https:\/\/www.vis-a-vis.org\/it\/#organization","name":"Vis-\u00e0-Vis","url":"https:\/\/www.vis-a-vis.org\/it\/","logo":{"@type":"ImageObject","inLanguage":"de","@id":"https:\/\/www.vis-a-vis.org\/it\/#\/schema\/logo\/image\/","url":"https:\/\/www.vis-a-vis.org\/wp-content\/uploads\/2022\/02\/vav-horiz.png","contentUrl":"https:\/\/www.vis-a-vis.org\/wp-content\/uploads\/2022\/02\/vav-horiz.png","width":391,"height":102,"caption":"Vis-\u00e0-Vis"},"image":{"@id":"https:\/\/www.vis-a-vis.org\/it\/#\/schema\/logo\/image\/"}}]}},"_links":{"self":[{"href":"https:\/\/www.vis-a-vis.org\/de\/wp-json\/wp\/v2\/pages\/3677","targetHints":{"allow":["GET"]}}],"collection":[{"href":"https:\/\/www.vis-a-vis.org\/de\/wp-json\/wp\/v2\/pages"}],"about":[{"href":"https:\/\/www.vis-a-vis.org\/de\/wp-json\/wp\/v2\/types\/page"}],"author":[{"embeddable":true,"href":"https:\/\/www.vis-a-vis.org\/de\/wp-json\/wp\/v2\/users\/1"}],"replies":[{"embeddable":true,"href":"https:\/\/www.vis-a-vis.org\/de\/wp-json\/wp\/v2\/comments?post=3677"}],"version-history":[{"count":37,"href":"https:\/\/www.vis-a-vis.org\/de\/wp-json\/wp\/v2\/pages\/3677\/revisions"}],"predecessor-version":[{"id":5328,"href":"https:\/\/www.vis-a-vis.org\/de\/wp-json\/wp\/v2\/pages\/3677\/revisions\/5328"}],"wp:attachment":[{"href":"https:\/\/www.vis-a-vis.org\/de\/wp-json\/wp\/v2\/media?parent=3677"}],"curies":[{"name":"wp","href":"https:\/\/api.w.org\/{rel}","templated":true}]}}