{"id":3596,"date":"2022-05-17T15:14:56","date_gmt":"2022-05-17T13:14:56","guid":{"rendered":"https:\/\/www.vis-a-vis.org\/?page_id=3596"},"modified":"2022-12-16T18:09:35","modified_gmt":"2022-12-16T17:09:35","slug":"about-us","status":"publish","type":"page","link":"https:\/\/www.vis-a-vis.org\/fr\/about-us\/","title":{"rendered":"About Us"},"content":{"rendered":"<h2>A propos de nous<\/h2>\n<p>\t\tVis-\u00e0-Vis a \u00e9t\u00e9 cr\u00e9\u00e9 au sein de l&rsquo;Unit\u00e9 de recherche de l&rsquo;Office M\u00e9dico-P\u00e9dagogique de l&rsquo;Universit\u00e9 de Gen\u00e8ve et d\u00e9velopp\u00e9 par des fondations \u00e0 but non lucratif bas\u00e9es \u00e0 Gen\u00e8ve.<br \/>\n\t\t\t\t\t\t\t\t\t\t<img decoding=\"async\" width=\"300\" height=\"300\" src=\"https:\/\/www.vis-a-vis.org\/wp-content\/uploads\/2022\/02\/bg-300x300.jpg\" alt=\"\" loading=\"lazy\" srcset=\"https:\/\/www.vis-a-vis.org\/wp-content\/uploads\/2022\/02\/bg-300x300.jpg 300w, https:\/\/www.vis-a-vis.org\/wp-content\/uploads\/2022\/02\/bg-150x150.jpg 150w, https:\/\/www.vis-a-vis.org\/wp-content\/uploads\/2022\/02\/bg-230x230.jpg 230w, https:\/\/www.vis-a-vis.org\/wp-content\/uploads\/2022\/02\/bg-350x351.jpg 350w, https:\/\/www.vis-a-vis.org\/wp-content\/uploads\/2022\/02\/bg-480x481.jpg 480w, https:\/\/www.vis-a-vis.org\/wp-content\/uploads\/2022\/02\/bg.jpg 559w\" sizes=\"auto, (max-width: 300px) 100vw, 300px\" \/>\t\t\t\t\t\t\t\t\t\t\t<\/p>\n<h3>Bronwyn Glaser, Ph.D.<\/h3>\n<p>Cr\u00e9atrice de Vis-\u00e0-Vis<\/p>\n<p>\t\tBronwyn Glaser \u00e9tudie les ph\u00e9notypes cognitifs et comportementaux depuis 1998, apr\u00e8s avoir obtenu son dipl\u00f4me de l&rsquo;Universit\u00e9 de Stanford. Elle a commenc\u00e9 sa carri\u00e8re en menant des recherches aupr\u00e8s d&rsquo;enfants et de familles touch\u00e9s par un large \u00e9ventail de troubles neurog\u00e9n\u00e9tiques, notamment le syndrome de l&rsquo;X fragile, le syndrome de Turner, le syndrome de Williams et le syndrome v\u00e9lo-cardio-facial (VCFS). Elle s&rsquo;est ensuite concentr\u00e9e sur le trouble d\u00e9ficitaire de l&rsquo;attention avec hyperactivit\u00e9 (TDAH) pendant sa ma\u00eetrise en psychologie clinique de l&rsquo;enfant et sur le traitement des visages dans les troubles du d\u00e9veloppement pendant son doctorat en psychologie. Au cours de son doctorat, Bronwyn s&rsquo;est particuli\u00e8rement int\u00e9ress\u00e9e \u00e0 la mani\u00e8re de stimuler les comp\u00e9tences sociales et le d\u00e9veloppement du cerveau par l&rsquo;attention port\u00e9e aux visages et aux \u00e9motions. De ses \u00e9tudes sur ces sujets est n\u00e9 Vis-\u00e0-Vis, un programme de rem\u00e9diation cognitive qui favorise le d\u00e9veloppement des enfants et des adolescents d&rsquo;\u00e2ge scolaire en renfor\u00e7ant la m\u00e9moire de travail, la reconnaissance des \u00e9motions et les capacit\u00e9s de traitement des visages. Bronwyn continue \u00e0 d\u00e9velopper et \u00e0 mettre en \u0153uvre des interventions pour les familles et les praticiens par le biais de son travail clinique et de recherche. Elle a publi\u00e9 et donn\u00e9 des conf\u00e9rences dans le monde entier, cherchant \u00e0 combler le foss\u00e9 entre la recherche et la pratique. Originaire de Californie, elle travaille \u00e0 Gen\u00e8ve, en Italie et au Tessin, la r\u00e9gion italophone de la Suisse.\t\t<\/p>\n<h4>Vous souhaitez soutenir notre travail \u00e0 but non-lucratif ?<\/h4>\n<p>Qu&rsquo;il s&rsquo;agisse d&rsquo;acheter notre programme de 12 semaines ou de faire un don direct, votre contribution soutient notre mission d&rsquo;aide aux enfants pr\u00e9sentant des retards de d\u00e9veloppement.<\/p>\n<p>\t\t\t<a href=\"#\" role=\"button\"><br \/>\n\t\t\t\t\t\tFaites un don maintenant<br \/>\n\t\t\t\t\t<\/a><\/p>\n","protected":false},"excerpt":{"rendered":"<p>A propos de nous Vis-\u00e0-Vis a \u00e9t\u00e9 cr\u00e9\u00e9 au sein de l&rsquo;Unit\u00e9 de recherche de l&rsquo;Office M\u00e9dico-P\u00e9dagogique de l&rsquo;Universit\u00e9 de Gen\u00e8ve et d\u00e9velopp\u00e9 par des fondations \u00e0 but non lucratif bas\u00e9es \u00e0 Gen\u00e8ve. Bronwyn Glaser, Ph.D. Cr\u00e9atrice de Vis-\u00e0-Vis Bronwyn Glaser \u00e9tudie les ph\u00e9notypes cognitifs et comportementaux depuis 1998, apr\u00e8s avoir obtenu son dipl\u00f4me de [&hellip;]<\/p>\n","protected":false},"author":1,"featured_media":0,"parent":0,"menu_order":0,"comment_status":"closed","ping_status":"closed","template":"page-templates\/page_front-page.php","meta":{"_mi_skip_tracking":false,"_monsterinsights_sitenote_active":false,"_monsterinsights_sitenote_note":"","_monsterinsights_sitenote_category":0,"_themeisle_gutenberg_block_has_review":false,"footnotes":""},"class_list":["post-3596","page","type-page","status-publish","hentry"],"yoast_head":"<!-- This site is optimized with the Yoast SEO plugin v21.9.1 - https:\/\/yoast.com\/wordpress\/plugins\/seo\/ -->\n<title>About Us - Vis-\u00e0-Vis<\/title>\n<meta name=\"robots\" content=\"index, follow, max-snippet:-1, max-image-preview:large, max-video-preview:-1\" \/>\n<link rel=\"canonical\" href=\"https:\/\/www.vis-a-vis.org\/fr\/about-us\/\" \/>\n<meta property=\"og:locale\" content=\"fr_FR\" \/>\n<meta property=\"og:type\" content=\"article\" \/>\n<meta property=\"og:title\" content=\"About Us - Vis-\u00e0-Vis\" \/>\n<meta property=\"og:description\" content=\"A propos de nous Vis-\u00e0-Vis a \u00e9t\u00e9 cr\u00e9\u00e9 au sein de l&rsquo;Unit\u00e9 de recherche de l&rsquo;Office M\u00e9dico-P\u00e9dagogique de l&rsquo;Universit\u00e9 de Gen\u00e8ve et d\u00e9velopp\u00e9 par des fondations \u00e0 but non lucratif bas\u00e9es \u00e0 Gen\u00e8ve. Bronwyn Glaser, Ph.D. Cr\u00e9atrice de Vis-\u00e0-Vis Bronwyn Glaser \u00e9tudie les ph\u00e9notypes cognitifs et comportementaux depuis 1998, apr\u00e8s avoir obtenu son dipl\u00f4me de [&hellip;]\" \/>\n<meta property=\"og:url\" content=\"https:\/\/www.vis-a-vis.org\/fr\/about-us\/\" \/>\n<meta property=\"og:site_name\" content=\"Vis-\u00e0-Vis\" \/>\n<meta property=\"article:modified_time\" content=\"2022-12-16T17:09:35+00:00\" \/>\n<meta property=\"og:image\" content=\"https:\/\/www.vis-a-vis.org\/wp-content\/uploads\/2022\/02\/bg-300x300.jpg\" \/>\n<meta name=\"twitter:card\" content=\"summary_large_image\" \/>\n<meta name=\"twitter:label1\" content=\"Dur\u00e9e de lecture estim\u00e9e\" \/>\n\t<meta name=\"twitter:data1\" content=\"2 minutes\" \/>\n<script type=\"application\/ld+json\" class=\"yoast-schema-graph\">{\"@context\":\"https:\/\/schema.org\",\"@graph\":[{\"@type\":\"WebPage\",\"@id\":\"https:\/\/www.vis-a-vis.org\/fr\/about-us\/\",\"url\":\"https:\/\/www.vis-a-vis.org\/fr\/about-us\/\",\"name\":\"About Us - Vis-\u00e0-Vis\",\"isPartOf\":{\"@id\":\"https:\/\/www.vis-a-vis.org\/it\/#website\"},\"datePublished\":\"2022-05-17T13:14:56+00:00\",\"dateModified\":\"2022-12-16T17:09:35+00:00\",\"breadcrumb\":{\"@id\":\"https:\/\/www.vis-a-vis.org\/fr\/about-us\/#breadcrumb\"},\"inLanguage\":\"fr-FR\",\"potentialAction\":[{\"@type\":\"ReadAction\",\"target\":[\"https:\/\/www.vis-a-vis.org\/fr\/about-us\/\"]}]},{\"@type\":\"BreadcrumbList\",\"@id\":\"https:\/\/www.vis-a-vis.org\/fr\/about-us\/#breadcrumb\",\"itemListElement\":[{\"@type\":\"ListItem\",\"position\":1,\"name\":\"Home\",\"item\":\"https:\/\/www.vis-a-vis.org\/\"},{\"@type\":\"ListItem\",\"position\":2,\"name\":\"About Us\"}]},{\"@type\":\"WebSite\",\"@id\":\"https:\/\/www.vis-a-vis.org\/it\/#website\",\"url\":\"https:\/\/www.vis-a-vis.org\/it\/\",\"name\":\"Vis-\u00e0-Vis\",\"description\":\"Un programme d&#039;entra\u00eenement cognitif \u00e0 but non lucratif\",\"publisher\":{\"@id\":\"https:\/\/www.vis-a-vis.org\/it\/#organization\"},\"potentialAction\":[{\"@type\":\"SearchAction\",\"target\":{\"@type\":\"EntryPoint\",\"urlTemplate\":\"https:\/\/www.vis-a-vis.org\/it\/?s={search_term_string}\"},\"query-input\":\"required name=search_term_string\"}],\"inLanguage\":\"fr-FR\"},{\"@type\":\"Organization\",\"@id\":\"https:\/\/www.vis-a-vis.org\/it\/#organization\",\"name\":\"Vis-\u00e0-Vis\",\"url\":\"https:\/\/www.vis-a-vis.org\/it\/\",\"logo\":{\"@type\":\"ImageObject\",\"inLanguage\":\"fr-FR\",\"@id\":\"https:\/\/www.vis-a-vis.org\/it\/#\/schema\/logo\/image\/\",\"url\":\"https:\/\/www.vis-a-vis.org\/wp-content\/uploads\/2022\/02\/vav-horiz.png\",\"contentUrl\":\"https:\/\/www.vis-a-vis.org\/wp-content\/uploads\/2022\/02\/vav-horiz.png\",\"width\":391,\"height\":102,\"caption\":\"Vis-\u00e0-Vis\"},\"image\":{\"@id\":\"https:\/\/www.vis-a-vis.org\/it\/#\/schema\/logo\/image\/\"}}]}<\/script>\n<!-- \/ Yoast SEO plugin. -->","yoast_head_json":{"title":"About Us - Vis-\u00e0-Vis","robots":{"index":"index","follow":"follow","max-snippet":"max-snippet:-1","max-image-preview":"max-image-preview:large","max-video-preview":"max-video-preview:-1"},"canonical":"https:\/\/www.vis-a-vis.org\/fr\/about-us\/","og_locale":"fr_FR","og_type":"article","og_title":"About Us - Vis-\u00e0-Vis","og_description":"A propos de nous Vis-\u00e0-Vis a \u00e9t\u00e9 cr\u00e9\u00e9 au sein de l&rsquo;Unit\u00e9 de recherche de l&rsquo;Office M\u00e9dico-P\u00e9dagogique de l&rsquo;Universit\u00e9 de Gen\u00e8ve et d\u00e9velopp\u00e9 par des fondations \u00e0 but non lucratif bas\u00e9es \u00e0 Gen\u00e8ve. Bronwyn Glaser, Ph.D. Cr\u00e9atrice de Vis-\u00e0-Vis Bronwyn Glaser \u00e9tudie les ph\u00e9notypes cognitifs et comportementaux depuis 1998, apr\u00e8s avoir obtenu son dipl\u00f4me de [&hellip;]","og_url":"https:\/\/www.vis-a-vis.org\/fr\/about-us\/","og_site_name":"Vis-\u00e0-Vis","article_modified_time":"2022-12-16T17:09:35+00:00","og_image":[{"url":"https:\/\/www.vis-a-vis.org\/wp-content\/uploads\/2022\/02\/bg-300x300.jpg"}],"twitter_card":"summary_large_image","twitter_misc":{"Dur\u00e9e de lecture estim\u00e9e":"2 minutes"},"schema":{"@context":"https:\/\/schema.org","@graph":[{"@type":"WebPage","@id":"https:\/\/www.vis-a-vis.org\/fr\/about-us\/","url":"https:\/\/www.vis-a-vis.org\/fr\/about-us\/","name":"About Us - Vis-\u00e0-Vis","isPartOf":{"@id":"https:\/\/www.vis-a-vis.org\/it\/#website"},"datePublished":"2022-05-17T13:14:56+00:00","dateModified":"2022-12-16T17:09:35+00:00","breadcrumb":{"@id":"https:\/\/www.vis-a-vis.org\/fr\/about-us\/#breadcrumb"},"inLanguage":"fr-FR","potentialAction":[{"@type":"ReadAction","target":["https:\/\/www.vis-a-vis.org\/fr\/about-us\/"]}]},{"@type":"BreadcrumbList","@id":"https:\/\/www.vis-a-vis.org\/fr\/about-us\/#breadcrumb","itemListElement":[{"@type":"ListItem","position":1,"name":"Home","item":"https:\/\/www.vis-a-vis.org\/"},{"@type":"ListItem","position":2,"name":"About Us"}]},{"@type":"WebSite","@id":"https:\/\/www.vis-a-vis.org\/it\/#website","url":"https:\/\/www.vis-a-vis.org\/it\/","name":"Vis-\u00e0-Vis","description":"Un programme d&#039;entra\u00eenement cognitif \u00e0 but non lucratif","publisher":{"@id":"https:\/\/www.vis-a-vis.org\/it\/#organization"},"potentialAction":[{"@type":"SearchAction","target":{"@type":"EntryPoint","urlTemplate":"https:\/\/www.vis-a-vis.org\/it\/?s={search_term_string}"},"query-input":"required name=search_term_string"}],"inLanguage":"fr-FR"},{"@type":"Organization","@id":"https:\/\/www.vis-a-vis.org\/it\/#organization","name":"Vis-\u00e0-Vis","url":"https:\/\/www.vis-a-vis.org\/it\/","logo":{"@type":"ImageObject","inLanguage":"fr-FR","@id":"https:\/\/www.vis-a-vis.org\/it\/#\/schema\/logo\/image\/","url":"https:\/\/www.vis-a-vis.org\/wp-content\/uploads\/2022\/02\/vav-horiz.png","contentUrl":"https:\/\/www.vis-a-vis.org\/wp-content\/uploads\/2022\/02\/vav-horiz.png","width":391,"height":102,"caption":"Vis-\u00e0-Vis"},"image":{"@id":"https:\/\/www.vis-a-vis.org\/it\/#\/schema\/logo\/image\/"}}]}},"_links":{"self":[{"href":"https:\/\/www.vis-a-vis.org\/fr\/wp-json\/wp\/v2\/pages\/3596","targetHints":{"allow":["GET"]}}],"collection":[{"href":"https:\/\/www.vis-a-vis.org\/fr\/wp-json\/wp\/v2\/pages"}],"about":[{"href":"https:\/\/www.vis-a-vis.org\/fr\/wp-json\/wp\/v2\/types\/page"}],"author":[{"embeddable":true,"href":"https:\/\/www.vis-a-vis.org\/fr\/wp-json\/wp\/v2\/users\/1"}],"replies":[{"embeddable":true,"href":"https:\/\/www.vis-a-vis.org\/fr\/wp-json\/wp\/v2\/comments?post=3596"}],"version-history":[{"count":38,"href":"https:\/\/www.vis-a-vis.org\/fr\/wp-json\/wp\/v2\/pages\/3596\/revisions"}],"predecessor-version":[{"id":5493,"href":"https:\/\/www.vis-a-vis.org\/fr\/wp-json\/wp\/v2\/pages\/3596\/revisions\/5493"}],"wp:attachment":[{"href":"https:\/\/www.vis-a-vis.org\/fr\/wp-json\/wp\/v2\/media?parent=3596"}],"curies":[{"name":"wp","href":"https:\/\/api.w.org\/{rel}","templated":true}]}}