{"id":3675,"date":"2021-01-19T10:13:32","date_gmt":"2021-01-19T09:13:32","guid":{"rendered":"https:\/\/www.vis-a-vis.org\/index.php\/research\/"},"modified":"2022-10-06T19:27:35","modified_gmt":"2022-10-06T17:27:35","slug":"research","status":"publish","type":"page","link":"https:\/\/www.vis-a-vis.org\/it\/research\/","title":{"rendered":"Research"},"content":{"rendered":"\t\t<div data-elementor-type=\"wp-page\" data-elementor-id=\"3675\" class=\"elementor elementor-3675 elementor-566\">\n\t\t\t\t\t\t\t\t\t<section class=\"elementor-section elementor-top-section elementor-element elementor-element-3b006f0 elementor-section-height-min-height elementor-section-content-space-evenly elementor-section-boxed elementor-section-height-default elementor-section-items-middle\" data-id=\"3b006f0\" data-element_type=\"section\" data-settings=\"{&quot;background_background&quot;:&quot;classic&quot;}\">\n\t\t\t\t\t\t<div class=\"elementor-container elementor-column-gap-default\">\n\t\t\t\t\t<div class=\"elementor-column elementor-col-100 elementor-top-column elementor-element elementor-element-ba8fffb\" data-id=\"ba8fffb\" data-element_type=\"column\">\n\t\t\t<div class=\"elementor-widget-wrap elementor-element-populated\">\n\t\t\t\t\t\t\t\t<div class=\"elementor-element elementor-element-be73bb9 elementor-widget elementor-widget-heading\" data-id=\"be73bb9\" data-element_type=\"widget\" data-widget_type=\"heading.default\">\n\t\t\t\t<div class=\"elementor-widget-container\">\n\t\t\t<h1 class=\"elementor-heading-title elementor-size-default\">Ricerca e domande frequenti<\/h1>\t\t<\/div>\n\t\t\t\t<\/div>\n\t\t\t\t\t<\/div>\n\t\t<\/div>\n\t\t\t\t\t\t\t<\/div>\n\t\t<\/section>\n\t\t\t\t<section class=\"elementor-section elementor-top-section elementor-element elementor-element-a44d4df elementor-section-boxed elementor-section-height-default elementor-section-height-default\" data-id=\"a44d4df\" data-element_type=\"section\">\n\t\t\t\t\t\t<div class=\"elementor-container elementor-column-gap-default\">\n\t\t\t\t\t<div class=\"elementor-column elementor-col-100 elementor-top-column elementor-element elementor-element-082bb63\" data-id=\"082bb63\" data-element_type=\"column\">\n\t\t\t<div class=\"elementor-widget-wrap elementor-element-populated\">\n\t\t\t\t\t\t\t\t<div class=\"elementor-element elementor-element-2b47d59 elementor-widget elementor-widget-spacer\" data-id=\"2b47d59\" data-element_type=\"widget\" data-widget_type=\"spacer.default\">\n\t\t\t\t<div class=\"elementor-widget-container\">\n\t\t\t\t\t<div class=\"elementor-spacer\">\n\t\t\t<div class=\"elementor-spacer-inner\"><\/div>\n\t\t<\/div>\n\t\t\t\t<\/div>\n\t\t\t\t<\/div>\n\t\t\t\t<div class=\"elementor-element elementor-element-d49604e elementor-widget elementor-widget-accordion\" data-id=\"d49604e\" data-element_type=\"widget\" data-widget_type=\"accordion.default\">\n\t\t\t\t<div class=\"elementor-widget-container\">\n\t\t\t\t\t<div class=\"elementor-accordion\">\n\t\t\t\t\t\t\t<div class=\"elementor-accordion-item\">\n\t\t\t\t\t<div id=\"elementor-tab-title-2221\" class=\"elementor-tab-title\" data-tab=\"1\" role=\"button\" aria-controls=\"elementor-tab-content-2221\" aria-expanded=\"false\">\n\t\t\t\t\t\t\t\t\t\t\t\t<a class=\"elementor-accordion-title\" tabindex=\"0\">Perch\u00e9 \u00e8 stato sviluppato Vis-\u00e0-Vis?<\/a>\n\t\t\t\t\t<\/div>\n\t\t\t\t\t<div id=\"elementor-tab-content-2221\" class=\"elementor-tab-content elementor-clearfix\" data-tab=\"1\" role=\"region\" aria-labelledby=\"elementor-tab-title-2221\"><p style=\"font-weight: 400;\">Dopo aver condotto ricerche nel campo delle neuroscienze per oltre 15 anni con giovani affetti da disturbi socio-emotivi e ritardi intellettivi, abbiamo progettato Vis-\u00e0-Vis come strumento di intervento che aiutasse i nostri soggetti a lavorare su alcune delle abilit\u00e0 che mancavano loro secondo la ricerca. Il nuovo formato riprogrammato basato sul web rende il programma facilmente accessibile a medici e specialisti, educatori, genitori e insegnanti.<\/p><p style=\"font-weight: 400;\">Vis-\u00e0-Vis \u00e8 stato sviluppato per bambini e adolescenti di et\u00e0 compresa tra i 7 e i 16 anni, il periodo dello sviluppo durante il quale l&#8217;elaborazione dei volti e delle emozioni progredisce tipicamente fino a raggiungere livelli adulti. Il programma \u00e8 stato creato e testato in francese prima di essere tradotto in inglese, italiano e tedesco per il sito web.<\/p><p><img loading=\"lazy\" decoding=\"async\" class=\"\" style=\"color: var( --e-global-color-ae32c32 ); background-color: transparent;\" src=\"https:\/\/cdn-icons-png.flaticon.com\/512\/0\/375.png\" alt=\"Play button - Free music icons\" width=\"16\" height=\"16\" \/> <a href=\"https:\/\/www.youtube.com\/watch?v=M_IRmLiamsk\" target=\"_blank\" rel=\"noopener\">In questo video, la dottoressa Bronwyn Glaser spiega come la ricerca sui ritardi nello sviluppo abbia portato alla creazione di questo strumento di formazione cognitiva.<\/a><\/p><\/div>\n\t\t\t\t<\/div>\n\t\t\t\t\t\t\t<div class=\"elementor-accordion-item\">\n\t\t\t\t\t<div id=\"elementor-tab-title-2222\" class=\"elementor-tab-title\" data-tab=\"2\" role=\"button\" aria-controls=\"elementor-tab-content-2222\" aria-expanded=\"false\">\n\t\t\t\t\t\t\t\t\t\t\t\t<a class=\"elementor-accordion-title\" tabindex=\"0\">Qual \u00e8 la ricerca alla base della struttura di Vis-\u00e0-Vis?<\/a>\n\t\t\t\t\t<\/div>\n\t\t\t\t\t<div id=\"elementor-tab-content-2222\" class=\"elementor-tab-content elementor-clearfix\" data-tab=\"2\" role=\"region\" aria-labelledby=\"elementor-tab-title-2222\"><p style=\"font-weight: 400;\">Nel creare Vis-\u00e0-Vis, volevamo mantenere l&#8217;interesse dei nostri utenti rendendo i giochi intrinsecamente motivanti. Per questo motivo, i giochi si basano sull&#8217;interfaccia del computer e sulla manipolazione del mouse (coordinazione occhio-mano), sul feedback diretto, sul rinforzo positivo, sulla ripetizione e sul richiamo del materiale appena appreso.<\/p><p style=\"font-weight: 400;\">Ogni elemento di Vis-\u00e0-Vis si basa sulla ricerca.<\/p><p style=\"font-weight: 400;\">Il dominio Focus sugli occhi si ispira a una pletora di studi recenti che utilizzano la tecnologia di tracciamento degli occhi e che dimostrano l&#8217;importanza di dedicare la maggior parte del tempo alla regione degli occhi di un volto per comprendere le indicazioni sociali[1].<\/p><p style=\"font-weight: 400;\">Numerose ricerche hanno dimostrato che i bambini con handicap socio-emotivi tendono a guardare meno gli occhi di un volto rispetto ai bambini con sviluppo tipico[2][3][4], il che pu\u00f2 far loro perdere importanti spunti emotivi trasmessi dagli occhi.<\/p><p style=\"font-weight: 400;\">La scarsit\u00e0 di tempo dedicato agli occhi pu\u00f2 danneggiare la comprensione intrinseca delle situazioni sociali, compromettere la capacit\u00e0 di riconoscere le emozioni e aumentare l&#8217;ansia, che a sua volta pu\u00f2 danneggiare la fiducia e l&#8217;autostima sociale dei bambini.<\/p><p style=\"font-weight: 400;\">Oltre a portare l&#8217;attenzione sugli occhi, abbiamo cercato di fornire informazioni e strategie concrete per affrontare le situazioni socio-emotive, che possono essere meno intuitive per i bambini con handicap intellettivo.<\/p><p style=\"font-weight: 400;\">Per questo motivo, insegniamo la fisionomia delle espressioni emotive del viso, insieme ad esempi di stati mentali che corrispondono a ciascuna emozione. Quest&#8217;ultimo aiuta a coltivare il vocabolario emotivo del bambino, la sua empatia e a insegnargli a etichettare ed elaborare gli spunti emotivi. In un certo senso, prende informazioni che possono essere implicite e le porta a un livello cosciente. Le ricerche hanno dimostrato che il semplice atto di riconoscere e identificare le emozioni pu\u00f2 aiutare a calmare l&#8217;ansia emotiva[5].<\/p><p style=\"font-weight: 400;\">La terza parte del programma lavora sulla memoria non verbale.<\/p><p style=\"font-weight: 400;\">Le regioni corticali prefrontali che sono alla base delle funzioni della memoria di lavoro sono tra le ultime a raggiungere la maturit\u00e0[6] e per questo motivo possono essere particolarmente vulnerabili nei bambini con anomalie cerebrali.<\/p><p style=\"font-weight: 400;\">La memoria di lavoro determina anche la quantit\u00e0 di informazioni che abbiamo a disposizione mentre stiamo completando un&#8217;altra operazione mentale, come una conversazione con un&#8217;altra persona. Per questo motivo, aumentare la memoria di lavoro \u00e8 importante per migliorare il ragionamento intellettuale[7].<\/p><\/div>\n\t\t\t\t<\/div>\n\t\t\t\t\t\t\t<div class=\"elementor-accordion-item\">\n\t\t\t\t\t<div id=\"elementor-tab-title-2223\" class=\"elementor-tab-title\" data-tab=\"3\" role=\"button\" aria-controls=\"elementor-tab-content-2223\" aria-expanded=\"false\">\n\t\t\t\t\t\t\t\t\t\t\t\t<a class=\"elementor-accordion-title\" tabindex=\"0\">Cosa dice la ricerca su Vis-\u00e0-Vis?<\/a>\n\t\t\t\t\t<\/div>\n\t\t\t\t\t<div id=\"elementor-tab-content-2223\" class=\"elementor-tab-content elementor-clearfix\" data-tab=\"3\" role=\"region\" aria-labelledby=\"elementor-tab-title-2223\"><p style=\"font-weight: 400;\">Dopo la sua creazione nel 2007, nel 2008 abbiamo sperimentato Vis-\u00e0-Vis con un gruppo di bambini (di et\u00e0 compresa tra gli 8 e i 10 anni) affetti da ritardo dello sviluppo, per assicurarci che i giochi fossero impostati al giusto livello di difficolt\u00e0. Abbiamo notato che, nel complesso, i nostri partecipanti hanno migliorato soprattutto le loro capacit\u00e0 di ragionamento non verbale e di riconoscimento delle emozioni dopo le 12 settimane di programma. Durante il periodo di recupero sono migliorati anche nei diversi giochi che compongono Vis-\u00e0-Vis, mostrando un chiaro miglioramento e apprendimento. Questi miglioramenti erano ancora presenti sei mesi dopo la fine del programma.<\/p><p><a href=\"https:\/\/www.visavis.unige.ch\/vav\/images\/AJIDD_2012.pdf\">L&#8217;articolo di questo studio pilota pu\u00f2 essere scaricato qui.<\/a><\/p><p style=\"font-weight: 400;\">Successivamente abbiamo completato uno studio che utilizzava Vis-\u00e0-Vis con bambini e adolescenti affetti da autismo, sindrome da delezione 22q11.2 e un gruppo pi\u00f9 generale con ritardo nello sviluppo. Anche in questo caso, i partecipanti hanno migliorato le loro capacit\u00e0 di ragionamento non verbale e il loro ritardo nello sviluppo. I partecipanti affetti da sindrome da delezione 22q11.2 e autismo hanno migliorato anche l&#8217;attenzione e la concentrazione. Hanno anche mostrato un miglioramento significativo dell&#8217;ansia legata ai genitori e dei problemi comportamentali internalizzanti.<\/p><\/div>\n\t\t\t\t<\/div>\n\t\t\t\t\t\t\t<div class=\"elementor-accordion-item\">\n\t\t\t\t\t<div id=\"elementor-tab-title-2224\" class=\"elementor-tab-title\" data-tab=\"4\" role=\"button\" aria-controls=\"elementor-tab-content-2224\" aria-expanded=\"false\">\n\t\t\t\t\t\t\t\t\t\t\t\t<a class=\"elementor-accordion-title\" tabindex=\"0\">Volete creare un vostro progetto di ricerca utilizzando Vis-\u00e0-Vis?<\/a>\n\t\t\t\t\t<\/div>\n\t\t\t\t\t<div id=\"elementor-tab-content-2224\" class=\"elementor-tab-content elementor-clearfix\" data-tab=\"4\" role=\"region\" aria-labelledby=\"elementor-tab-title-2224\"><p style=\"font-weight: 400;\">Siamo molto interessati a continuare ad esplorare l&#8217;utilit\u00e0 clinica e di ricerca di Vis-\u00e0-Vis, o di altri interventi educativi e strumenti di arricchimento sociale basati sulla ricerca. Contattateci se siete interessati a includere Vis-\u00e0-Vis in uno studio di ricerca o a utilizzare il sito per generare dati dal vostro gruppo di utenti.<\/p><\/div>\n\t\t\t\t<\/div>\n\t\t\t\t\t\t\t<div class=\"elementor-accordion-item\">\n\t\t\t\t\t<div id=\"elementor-tab-title-2225\" class=\"elementor-tab-title\" data-tab=\"5\" role=\"button\" aria-controls=\"elementor-tab-content-2225\" aria-expanded=\"false\">\n\t\t\t\t\t\t\t\t\t\t\t\t<a class=\"elementor-accordion-title\" tabindex=\"0\">Volete vedere Vis-\u00e0-Vis nella lingua del vostro Paese?<\/a>\n\t\t\t\t\t<\/div>\n\t\t\t\t\t<div id=\"elementor-tab-content-2225\" class=\"elementor-tab-content elementor-clearfix\" data-tab=\"5\" role=\"region\" aria-labelledby=\"elementor-tab-title-2225\"><p style=\"font-weight: 400;\">Contattateci per conoscere la possibilit\u00e0 di aggiungere traduzioni al sito!<\/p><\/div>\n\t\t\t\t<\/div>\n\t\t\t\t\t\t\t\t<\/div>\n\t\t\t\t<\/div>\n\t\t\t\t<\/div>\n\t\t\t\t<div class=\"elementor-element elementor-element-61dcdb9 elementor-widget elementor-widget-text-editor\" data-id=\"61dcdb9\" data-element_type=\"widget\" data-widget_type=\"text-editor.default\">\n\t\t\t\t<div class=\"elementor-widget-container\">\n\t\t\t\t\t\t\t<p style=\"font-weight: 400;\"><em style=\"color: var( --e-global-color-text ); background-color: transparent;\">[1]Senju, A., &amp; Johnson, M. H. (2009). The eye contact effect: Mechanisms and development. Trends in Cognitive Sciences, 13(3), 127\u2013134.<\/em><\/p><p><em>[2]Glaser, B., Debban\u00e9, M., Ottet, M. C., Vuilleumier, P., Zesiger, P., Antonarakis, S. E., &amp; Eliez, S. (2010). Eye gaze during face processing in children and adolescents with 22q11.2 deletion syndrome. Journal of the American Academy of Child and Adolescent Psychiatry, 49(7), 665\u2013674.<\/em><\/p><p><em>[3]Hernandez, N., Metzger, A., Magne\u00b4, R., Bonnet-Brilhault, F., Roux, S., Barthelemy, C., &amp; Martineau, J. (2009). Exploration of core features of a human face by healthy and autistic adults analyzed by visual scanning. Neuropsychologia, 47(4), 1004\u20131012.<\/em><\/p><p><em>[4]Mazzola, F., Seigal, A., MacAskill, A., Corden, B., Lawrence, K., &amp; Skuse, D. H. (2006). Eye tracking and fear recognition deficits in Turner syndrome. Social Neuroscience, 1(3\u20134), 259\u2013269.<\/em><\/p><p><em>[5]Lieberman, M. D., Eisenberger, N. I., Crockett, M. J., Tom, S. M., Pfeifer, J. H., &amp; Way, B. M. (2007). Putting feelings into words: Affect labeling disrupts amygdala activity in response to affective stimuli. Psychological Science, 18(5), 421\u2013428.<\/em><\/p><p><em>[6]Gogtay, N., Giedd, J. N., Lusk, L., Hayashi, K. M., Greenstein, D., Vaituzis, A. C., Nugent, T.F. 3rd, Herman, D.H., Clasen, L.S., Toga, A.W., Rapoport, J.L., Thompson, P. M. (2004). Dynamic mapping of human cortical development during childhood through early adulthood. Proceedings of the National Academy of Sciences of the United States of America, 101(21), 8174\u20138179.<\/em><\/p><p><em>[7]Klingberg, T., Fernell, E., Olesen, P. J., Johnson, M., Gustafsson, P., Dahlstr\u00f6m, K., Gillberg, C.G., Forssberg, H., Westerberg, H. (2005). Computerized training of working memory in children with ADHD\u2014A randomized, controlled trial. Journal of the American Academy of Child and Adolescent Psychiatry, 44(2), 77\u2013186.<\/em><\/p>\t\t\t\t\t\t<\/div>\n\t\t\t\t<\/div>\n\t\t\t\t\t<\/div>\n\t\t<\/div>\n\t\t\t\t\t\t\t<\/div>\n\t\t<\/section>\n\t\t\t\t<section class=\"elementor-section elementor-top-section elementor-element elementor-element-b74851c animated-slow elementor-section-boxed elementor-section-height-default elementor-section-height-default elementor-invisible\" data-id=\"b74851c\" data-element_type=\"section\" data-settings=\"{&quot;background_background&quot;:&quot;classic&quot;,&quot;animation&quot;:&quot;fadeIn&quot;}\">\n\t\t\t\t\t\t<div class=\"elementor-container elementor-column-gap-default\">\n\t\t\t\t\t<div class=\"elementor-column elementor-col-100 elementor-top-column elementor-element elementor-element-d32eacd\" data-id=\"d32eacd\" data-element_type=\"column\">\n\t\t\t<div class=\"elementor-widget-wrap elementor-element-populated\">\n\t\t\t\t\t\t\t\t<div class=\"elementor-element elementor-element-cdfad35 elementor-widget elementor-widget-heading\" data-id=\"cdfad35\" data-element_type=\"widget\" data-widget_type=\"heading.default\">\n\t\t\t\t<div class=\"elementor-widget-container\">\n\t\t\t<h3 class=\"elementor-heading-title elementor-size-default\">Sei interessato a una prova gratuita?<\/h3>\t\t<\/div>\n\t\t\t\t<\/div>\n\t\t\t\t<div class=\"elementor-element elementor-element-bcdfe14 elementor-align-center elementor-widget elementor-widget-button\" data-id=\"bcdfe14\" data-element_type=\"widget\" data-widget_type=\"button.default\">\n\t\t\t\t<div class=\"elementor-widget-container\">\n\t\t\t\t\t<div class=\"elementor-button-wrapper\">\n\t\t\t<a class=\"elementor-button elementor-button-link elementor-size-lg\" href=\"#\">\n\t\t\t\t\t\t<span class=\"elementor-button-content-wrapper\">\n\t\t\t\t\t\t<span class=\"elementor-button-text\">Registrati ora<\/span>\n\t\t<\/span>\n\t\t\t\t\t<\/a>\n\t\t<\/div>\n\t\t\t\t<\/div>\n\t\t\t\t<\/div>\n\t\t\t\t\t<\/div>\n\t\t<\/div>\n\t\t\t\t\t\t\t<\/div>\n\t\t<\/section>\n\t\t\t\t\t\t\t<\/div>\n\t\t","protected":false},"excerpt":{"rendered":"<p>Ricerca e domande frequenti Perch\u00e9 \u00e8 stato sviluppato Vis-\u00e0-Vis? Dopo aver condotto ricerche nel campo delle neuroscienze per oltre 15 anni con giovani affetti da disturbi socio-emotivi e ritardi intellettivi, abbiamo progettato Vis-\u00e0-Vis come strumento di intervento che aiutasse i nostri soggetti a lavorare su alcune delle abilit\u00e0 che mancavano loro secondo la ricerca. Il [&hellip;]<\/p>\n","protected":false},"author":1,"featured_media":0,"parent":0,"menu_order":0,"comment_status":"closed","ping_status":"closed","template":"page-templates\/page_front-page.php","meta":{"_mi_skip_tracking":false,"_monsterinsights_sitenote_active":false,"_monsterinsights_sitenote_note":"","_monsterinsights_sitenote_category":0,"_themeisle_gutenberg_block_has_review":false,"footnotes":""},"class_list":["post-3675","page","type-page","status-publish","hentry"],"yoast_head":"<!-- This site is optimized with the Yoast SEO plugin v21.9.1 - https:\/\/yoast.com\/wordpress\/plugins\/seo\/ -->\n<title>Research - Vis-\u00e0-Vis<\/title>\n<meta name=\"robots\" content=\"index, follow, max-snippet:-1, max-image-preview:large, max-video-preview:-1\" \/>\n<link rel=\"canonical\" href=\"https:\/\/www.vis-a-vis.org\/it\/research\/\" \/>\n<meta property=\"og:locale\" content=\"it_IT\" \/>\n<meta property=\"og:type\" content=\"article\" \/>\n<meta property=\"og:title\" content=\"Research - Vis-\u00e0-Vis\" \/>\n<meta property=\"og:description\" content=\"Ricerca e domande frequenti Perch\u00e9 \u00e8 stato sviluppato Vis-\u00e0-Vis? Dopo aver condotto ricerche nel campo delle neuroscienze per oltre 15 anni con giovani affetti da disturbi socio-emotivi e ritardi intellettivi, abbiamo progettato Vis-\u00e0-Vis come strumento di intervento che aiutasse i nostri soggetti a lavorare su alcune delle abilit\u00e0 che mancavano loro secondo la ricerca. Il [&hellip;]\" \/>\n<meta property=\"og:url\" content=\"https:\/\/www.vis-a-vis.org\/it\/research\/\" \/>\n<meta property=\"og:site_name\" content=\"Vis-\u00e0-Vis\" \/>\n<meta property=\"article:modified_time\" content=\"2022-10-06T17:27:35+00:00\" \/>\n<meta property=\"og:image\" content=\"https:\/\/cdn-icons-png.flaticon.com\/512\/0\/375.png\" \/>\n<meta name=\"twitter:card\" content=\"summary_large_image\" \/>\n<meta name=\"twitter:label1\" content=\"Tempo di lettura stimato\" \/>\n\t<meta name=\"twitter:data1\" content=\"5 minuti\" \/>\n<script type=\"application\/ld+json\" class=\"yoast-schema-graph\">{\"@context\":\"https:\/\/schema.org\",\"@graph\":[{\"@type\":\"WebPage\",\"@id\":\"https:\/\/www.vis-a-vis.org\/it\/research\/\",\"url\":\"https:\/\/www.vis-a-vis.org\/it\/research\/\",\"name\":\"Research - Vis-\u00e0-Vis\",\"isPartOf\":{\"@id\":\"https:\/\/www.vis-a-vis.org\/it\/#website\"},\"datePublished\":\"2021-01-19T09:13:32+00:00\",\"dateModified\":\"2022-10-06T17:27:35+00:00\",\"breadcrumb\":{\"@id\":\"https:\/\/www.vis-a-vis.org\/it\/research\/#breadcrumb\"},\"inLanguage\":\"it-IT\",\"potentialAction\":[{\"@type\":\"ReadAction\",\"target\":[\"https:\/\/www.vis-a-vis.org\/it\/research\/\"]}]},{\"@type\":\"BreadcrumbList\",\"@id\":\"https:\/\/www.vis-a-vis.org\/it\/research\/#breadcrumb\",\"itemListElement\":[{\"@type\":\"ListItem\",\"position\":1,\"name\":\"Home\",\"item\":\"https:\/\/www.vis-a-vis.org\/\"},{\"@type\":\"ListItem\",\"position\":2,\"name\":\"Research\"}]},{\"@type\":\"WebSite\",\"@id\":\"https:\/\/www.vis-a-vis.org\/it\/#website\",\"url\":\"https:\/\/www.vis-a-vis.org\/it\/\",\"name\":\"Vis-\u00e0-Vis\",\"description\":\"Un programma di formazione cognitiva senza scopo di lucro\",\"publisher\":{\"@id\":\"https:\/\/www.vis-a-vis.org\/it\/#organization\"},\"potentialAction\":[{\"@type\":\"SearchAction\",\"target\":{\"@type\":\"EntryPoint\",\"urlTemplate\":\"https:\/\/www.vis-a-vis.org\/it\/?s={search_term_string}\"},\"query-input\":\"required name=search_term_string\"}],\"inLanguage\":\"it-IT\"},{\"@type\":\"Organization\",\"@id\":\"https:\/\/www.vis-a-vis.org\/it\/#organization\",\"name\":\"Vis-\u00e0-Vis\",\"url\":\"https:\/\/www.vis-a-vis.org\/it\/\",\"logo\":{\"@type\":\"ImageObject\",\"inLanguage\":\"it-IT\",\"@id\":\"https:\/\/www.vis-a-vis.org\/it\/#\/schema\/logo\/image\/\",\"url\":\"https:\/\/www.vis-a-vis.org\/wp-content\/uploads\/2022\/02\/vav-horiz.png\",\"contentUrl\":\"https:\/\/www.vis-a-vis.org\/wp-content\/uploads\/2022\/02\/vav-horiz.png\",\"width\":391,\"height\":102,\"caption\":\"Vis-\u00e0-Vis\"},\"image\":{\"@id\":\"https:\/\/www.vis-a-vis.org\/it\/#\/schema\/logo\/image\/\"}}]}<\/script>\n<!-- \/ Yoast SEO plugin. -->","yoast_head_json":{"title":"Research - Vis-\u00e0-Vis","robots":{"index":"index","follow":"follow","max-snippet":"max-snippet:-1","max-image-preview":"max-image-preview:large","max-video-preview":"max-video-preview:-1"},"canonical":"https:\/\/www.vis-a-vis.org\/it\/research\/","og_locale":"it_IT","og_type":"article","og_title":"Research - Vis-\u00e0-Vis","og_description":"Ricerca e domande frequenti Perch\u00e9 \u00e8 stato sviluppato Vis-\u00e0-Vis? Dopo aver condotto ricerche nel campo delle neuroscienze per oltre 15 anni con giovani affetti da disturbi socio-emotivi e ritardi intellettivi, abbiamo progettato Vis-\u00e0-Vis come strumento di intervento che aiutasse i nostri soggetti a lavorare su alcune delle abilit\u00e0 che mancavano loro secondo la ricerca. Il [&hellip;]","og_url":"https:\/\/www.vis-a-vis.org\/it\/research\/","og_site_name":"Vis-\u00e0-Vis","article_modified_time":"2022-10-06T17:27:35+00:00","og_image":[{"url":"https:\/\/cdn-icons-png.flaticon.com\/512\/0\/375.png"}],"twitter_card":"summary_large_image","twitter_misc":{"Tempo di lettura stimato":"5 minuti"},"schema":{"@context":"https:\/\/schema.org","@graph":[{"@type":"WebPage","@id":"https:\/\/www.vis-a-vis.org\/it\/research\/","url":"https:\/\/www.vis-a-vis.org\/it\/research\/","name":"Research - Vis-\u00e0-Vis","isPartOf":{"@id":"https:\/\/www.vis-a-vis.org\/it\/#website"},"datePublished":"2021-01-19T09:13:32+00:00","dateModified":"2022-10-06T17:27:35+00:00","breadcrumb":{"@id":"https:\/\/www.vis-a-vis.org\/it\/research\/#breadcrumb"},"inLanguage":"it-IT","potentialAction":[{"@type":"ReadAction","target":["https:\/\/www.vis-a-vis.org\/it\/research\/"]}]},{"@type":"BreadcrumbList","@id":"https:\/\/www.vis-a-vis.org\/it\/research\/#breadcrumb","itemListElement":[{"@type":"ListItem","position":1,"name":"Home","item":"https:\/\/www.vis-a-vis.org\/"},{"@type":"ListItem","position":2,"name":"Research"}]},{"@type":"WebSite","@id":"https:\/\/www.vis-a-vis.org\/it\/#website","url":"https:\/\/www.vis-a-vis.org\/it\/","name":"Vis-\u00e0-Vis","description":"Un programma di formazione cognitiva senza scopo di lucro","publisher":{"@id":"https:\/\/www.vis-a-vis.org\/it\/#organization"},"potentialAction":[{"@type":"SearchAction","target":{"@type":"EntryPoint","urlTemplate":"https:\/\/www.vis-a-vis.org\/it\/?s={search_term_string}"},"query-input":"required name=search_term_string"}],"inLanguage":"it-IT"},{"@type":"Organization","@id":"https:\/\/www.vis-a-vis.org\/it\/#organization","name":"Vis-\u00e0-Vis","url":"https:\/\/www.vis-a-vis.org\/it\/","logo":{"@type":"ImageObject","inLanguage":"it-IT","@id":"https:\/\/www.vis-a-vis.org\/it\/#\/schema\/logo\/image\/","url":"https:\/\/www.vis-a-vis.org\/wp-content\/uploads\/2022\/02\/vav-horiz.png","contentUrl":"https:\/\/www.vis-a-vis.org\/wp-content\/uploads\/2022\/02\/vav-horiz.png","width":391,"height":102,"caption":"Vis-\u00e0-Vis"},"image":{"@id":"https:\/\/www.vis-a-vis.org\/it\/#\/schema\/logo\/image\/"}}]}},"_links":{"self":[{"href":"https:\/\/www.vis-a-vis.org\/it\/wp-json\/wp\/v2\/pages\/3675","targetHints":{"allow":["GET"]}}],"collection":[{"href":"https:\/\/www.vis-a-vis.org\/it\/wp-json\/wp\/v2\/pages"}],"about":[{"href":"https:\/\/www.vis-a-vis.org\/it\/wp-json\/wp\/v2\/types\/page"}],"author":[{"embeddable":true,"href":"https:\/\/www.vis-a-vis.org\/it\/wp-json\/wp\/v2\/users\/1"}],"replies":[{"embeddable":true,"href":"https:\/\/www.vis-a-vis.org\/it\/wp-json\/wp\/v2\/comments?post=3675"}],"version-history":[{"count":37,"href":"https:\/\/www.vis-a-vis.org\/it\/wp-json\/wp\/v2\/pages\/3675\/revisions"}],"predecessor-version":[{"id":5295,"href":"https:\/\/www.vis-a-vis.org\/it\/wp-json\/wp\/v2\/pages\/3675\/revisions\/5295"}],"wp:attachment":[{"href":"https:\/\/www.vis-a-vis.org\/it\/wp-json\/wp\/v2\/media?parent=3675"}],"curies":[{"name":"wp","href":"https:\/\/api.w.org\/{rel}","templated":true}]}}